{"id":761,"date":"2023-04-20T19:42:52","date_gmt":"2023-04-20T17:42:52","guid":{"rendered":"https:\/\/tarikzengin.de\/?page_id=761"},"modified":"2025-12-11T00:51:46","modified_gmt":"2025-12-10T23:51:46","slug":"datenschutz","status":"publish","type":"page","link":"https:\/\/tarikzengin.de\/index.php\/datenschutz\/","title":{"rendered":"Datenschutz\u00aderkl\u00e4rung"},"content":{"rendered":"\n<h2 class=\"wp-block-heading\">Datenschutzerkl\u00e4rung<\/h2>\n\n\n\n<h2 class=\"wp-block-heading\">1. Allgemeiner \u00dcberblick<\/h2>\n\n\n\n<p>Die folgenden Hinweise geben einen einfachen \u00dcberblick dar\u00fcber, was mit Ihren personenbezogenen Daten passiert, wenn Sie diese Website besuchen. Personenbezogene Daten sind alle Daten, mit denen Sie pers\u00f6nlich identifiziert werden k\u00f6nnen.<\/p>\n\n\n\n<h2 class=\"wp-block-heading\">2. Hosting<\/h2>\n\n\n\n<h3 class=\"wp-block-heading\">Externes Hosting<\/h3>\n\n\n\n<p>Diese Website wird bei einem externen Hosting-Anbieter betrieben. Personenbezogene Daten, die beim Besuch dieser Website erfasst werden, werden auf den Servern des Hosting-Anbieters gespeichert. Dies betrifft insbesondere IP-Adressen, Server-Log-Dateien sowie technische Verbindungsdaten.<\/p>\n\n\n\n<p><strong>Hosting-Anbieter:<\/strong><br>OneProvider Inc.<br>118 rue de l\u2019\u00c9glise<br>H2Y 1T1 Montr\u00e9al (QC)<br>Kanada<br>Website: <a href=\"https:\/\/oneprovider.com\" target=\"_blank\" rel=\"noreferrer noopener\">https:\/\/oneprovider.com<\/a><\/p>\n\n\n\n<p>Die Verarbeitung erfolgt gem\u00e4\u00df Art. 6 Abs. 1 lit. f DSGVO (berechtigtes Interesse an sicherer, stabiler und effizienter Bereitstellung der Website).<\/p>\n\n\n\n<h2 class=\"wp-block-heading\">3. Verantwortliche Stelle<\/h2>\n\n\n\n<p><strong>Tarik Zengin<\/strong><br>Siepmannstr. 51<br>44379 Dortmund<br>Telefon: +49 (0) 231 58988975<br>E-Mail: <a href=\"mailto:mail@tarikzengin.de\">mail@tarikzengin.de<\/a><\/p>\n\n\n\n<h2 class=\"wp-block-heading\">4. Allgemeine Hinweise zur Datenverarbeitung<\/h2>\n\n\n\n<h3 class=\"wp-block-heading\">Speicherdauer<\/h3>\n\n\n\n<p>Personenbezogene Daten werden gel\u00f6scht, sobald der Zweck der Speicherung entf\u00e4llt oder Sie Ihre Einwilligung widerrufen. Gesetzliche Aufbewahrungsfristen bleiben unber\u00fchrt.<\/p>\n\n\n\n<h3 class=\"wp-block-heading\">Rechtsgrundlagen<\/h3>\n\n\n\n<p>Die Verarbeitung personenbezogener Daten erfolgt nach Art. 6 Abs. 1 lit. a (Einwilligung), b (Vertrag), c (rechtliche Verpflichtung) oder f DSGVO (berechtigtes Interesse).<\/p>\n\n\n\n<h3 class=\"wp-block-heading\">Widerruf Ihrer Einwilligung<\/h3>\n\n\n\n<p>Sie k\u00f6nnen eine erteilte Einwilligung jederzeit mit Wirkung f\u00fcr die Zukunft widerrufen.<\/p>\n\n\n\n<h3 class=\"wp-block-heading\">Widerspruchsrecht<\/h3>\n\n\n\n<p>Sie k\u00f6nnen jederzeit gegen die Verarbeitung Ihrer personenbezogenen Daten, die auf Art. 6 Abs. 1 lit. e oder f DSGVO beruht, Widerspruch einlegen.<\/p>\n\n\n\n<h3 class=\"wp-block-heading\">Beschwerderecht<\/h3>\n\n\n\n<p>Bei datenschutzrechtlichen Verst\u00f6\u00dfen steht Ihnen ein Beschwerderecht bei der zust\u00e4ndigen Aufsichtsbeh\u00f6rde zu.<\/p>\n\n\n\n<h3 class=\"wp-block-heading\">Recht auf Auskunft, L\u00f6schung und Einschr\u00e4nkung<\/h3>\n\n\n\n<p>Sie haben jederzeit das Recht auf unentgeltliche Auskunft \u00fcber Ihre personenbezogenen Daten sowie ein Recht auf Berichtigung, L\u00f6schung oder Einschr\u00e4nkung der Verarbeitung.<\/p>\n\n\n\n<h3 class=\"wp-block-heading\">SSL-\/TLS-Verschl\u00fcsselung<\/h3>\n\n\n\n<p>Diese Website nutzt eine SSL-\/TLS-Verschl\u00fcsselung, um \u00fcbertragene Daten zu sch\u00fctzen.<\/p>\n\n\n\n<h3 class=\"wp-block-heading\">Widerspruch gegen Werbe-E-Mails<\/h3>\n\n\n\n<p>Der Nutzung im Impressum ver\u00f6ffentlichter Kontaktdaten zu Werbezwecken wird widersprochen.<\/p>\n\n\n\n<h2 class=\"wp-block-heading\">5. Datenerfassung auf dieser Website<\/h2>\n\n\n\n<h3 class=\"wp-block-heading\">Cookies<\/h3>\n\n\n\n<p>Diese Website verwendet Cookies. Technisch notwendige Cookies werden auf Grundlage von Art. 6 Abs. 1 lit. f DSGVO gespeichert. Nicht notwendige Cookies werden nur nach Ihrer Einwilligung verwendet.<\/p>\n\n\n\n<h3 class=\"wp-block-heading\">Server-Log-Dateien<\/h3>\n\n\n\n<p>Der Hosting-Anbieter erhebt und speichert automatisch Informationen, die Ihr Browser \u00fcbermittelt:<\/p>\n\n\n\n<ul class=\"wp-block-list\">\n<li>Browsertyp und Browserversion<\/li>\n\n\n\n<li>verwendetes Betriebssystem<\/li>\n\n\n\n<li>Referrer URL<\/li>\n\n\n\n<li>Hostname des zugreifenden Rechners<\/li>\n\n\n\n<li>Uhrzeit der Serveranfrage<\/li>\n\n\n\n<li>IP-Adresse<\/li>\n<\/ul>\n\n\n\n<p>Diese Daten sind technisch notwendig, um die Website bereitzustellen.<\/p>\n\n\n\n<h3 class=\"wp-block-heading\">Kontaktformular (Contact Form 7)<\/h3>\n\n\n\n<p>Wenn Sie uns \u00fcber ein Kontaktformular kontaktieren, werden Ihre Angaben zur Bearbeitung Ihrer Anfrage gespeichert. Contact Form 7 selbst speichert keine Daten in der WordPress-Datenbank \u2013 die Verarbeitung erfolgt ausschlie\u00dflich durch uns als Websitebetreiber.<\/p>\n\n\n\n<p>Folgende Daten k\u00f6nnen erfasst werden:<\/p>\n\n\n\n<ul class=\"wp-block-list\">\n<li>Name<\/li>\n\n\n\n<li>E-Mail-Adresse<\/li>\n\n\n\n<li>Inhalt Ihrer Nachricht<\/li>\n\n\n\n<li>technische Meta-Daten wie IP-Adresse (Spam-Schutz), Browserdaten<\/li>\n<\/ul>\n\n\n\n<p>Die Verarbeitung erfolgt auf Grundlage von Art. 6 Abs. 1 lit. b DSGVO (vertragsbezogene Anfrage) oder Art. 6 Abs. 1 lit. f DSGVO (berechtigtes Interesse an effizienter Kommunikation).<\/p>\n\n\n\n<h2 class=\"wp-block-heading\">6. WordPress &amp; Plugins<\/h2>\n\n\n\n<h3 class=\"wp-block-heading\">WordPress<\/h3>\n\n\n\n<p>WordPress speichert technisch notwendige Daten zur Stabilit\u00e4t, Sicherheit und Darstellung der Website. Dies umfasst u. a. IP-Adressen beim Zugriff auf die Website.<\/p>\n\n\n\n<h3 class=\"wp-block-heading\">AIOS \u2013 All In One Security<\/h3>\n\n\n\n<p>Diese Website nutzt das Sicherheitsplugin \u201eAIOS\u201c. Zur Erh\u00f6hung der Sicherheit k\u00f6nnen folgende Daten verarbeitet werden:<\/p>\n\n\n\n<ul class=\"wp-block-list\">\n<li>IP-Adressen<\/li>\n\n\n\n<li>Sicherheits- und Firewall-Logs<\/li>\n\n\n\n<li>fehlgeschlagene Login-Versuche<\/li>\n\n\n\n<li>Zugriffsereignisse<\/li>\n<\/ul>\n\n\n\n<p>Zweck ist der Schutz vor Angriffen, Spam und Missbrauch.<br>Rechtsgrundlage: Art. 6 Abs. 1 lit. f DSGVO (berechtigtes Interesse an sicherem Betrieb).<\/p>\n\n\n\n<h3 class=\"wp-block-heading\">WP Fastest Cache<\/h3>\n\n\n\n<p>Zur Verbesserung der Ladegeschwindigkeit dieser Website verwenden wir \u201eWP Fastest Cache\u201c. Dabei k\u00f6nnen folgende Daten verarbeitet werden:<\/p>\n\n\n\n<ul class=\"wp-block-list\">\n<li>tempor\u00e4re Cache-Dateien<\/li>\n\n\n\n<li>technisch notwendige Cookies<\/li>\n<\/ul>\n\n\n\n<p>WP Fastest Cache speichert keine personenbezogenen Daten, die nicht zur technischen Bereitstellung erforderlich sind.<\/p>\n\n\n\n<h2 class=\"wp-block-heading\">7. Medien<\/h2>\n\n\n\n<p>Wenn Sie Bilder auf diese Website hochladen (z. B. \u00fcber Formulare), sollten Sie keine Bilder mit Standortdaten (EXIF-GPS) verwenden. Besucher k\u00f6nnten diese Daten auslesen.<\/p>\n\n\n\n<hr class=\"wp-block-separator has-alpha-channel-opacity\"\/>\n\n\n\n<p><em>Quelle teilweise: e-recht24.de (angepasst)<\/em><\/p>\n","protected":false},"excerpt":{"rendered":"<p>Datenschutzerkl\u00e4rung 1. Allgemeiner \u00dcberblick Die folgenden Hinweise geben einen einfachen \u00dcberblick dar\u00fcber, was mit Ihren personenbezogenen Daten passiert, wenn Sie diese Website besuchen. Personenbezogene Daten sind alle Daten, mit denen Sie pers\u00f6nlich identifiziert werden k\u00f6nnen. 2. Hosting Externes Hosting Diese Website wird bei einem externen Hosting-Anbieter betrieben. Personenbezogene Daten, die beim Besuch dieser Website erfasst [&hellip;]<\/p>\n","protected":false},"author":1,"featured_media":0,"parent":0,"menu_order":0,"comment_status":"closed","ping_status":"closed","template":"","meta":{"footnotes":""},"class_list":["post-761","page","type-page","status-publish","hentry"],"_links":{"self":[{"href":"https:\/\/tarikzengin.de\/index.php\/wp-json\/wp\/v2\/pages\/761","targetHints":{"allow":["GET"]}}],"collection":[{"href":"https:\/\/tarikzengin.de\/index.php\/wp-json\/wp\/v2\/pages"}],"about":[{"href":"https:\/\/tarikzengin.de\/index.php\/wp-json\/wp\/v2\/types\/page"}],"author":[{"embeddable":true,"href":"https:\/\/tarikzengin.de\/index.php\/wp-json\/wp\/v2\/users\/1"}],"replies":[{"embeddable":true,"href":"https:\/\/tarikzengin.de\/index.php\/wp-json\/wp\/v2\/comments?post=761"}],"version-history":[{"count":4,"href":"https:\/\/tarikzengin.de\/index.php\/wp-json\/wp\/v2\/pages\/761\/revisions"}],"predecessor-version":[{"id":1548,"href":"https:\/\/tarikzengin.de\/index.php\/wp-json\/wp\/v2\/pages\/761\/revisions\/1548"}],"wp:attachment":[{"href":"https:\/\/tarikzengin.de\/index.php\/wp-json\/wp\/v2\/media?parent=761"}],"curies":[{"name":"wp","href":"https:\/\/api.w.org\/{rel}","templated":true}]}}